{"id":48,"date":"2023-05-12T11:42:13","date_gmt":"2023-05-12T09:42:13","guid":{"rendered":"https:\/\/cuenta-regresiva.art\/?page_id=48"},"modified":"2023-05-12T17:58:49","modified_gmt":"2023-05-12T15:58:49","slug":"textes","status":"publish","type":"page","link":"https:\/\/cuenta-regresiva.art\/en\/textes\/","title":{"rendered":"textes"},"content":{"rendered":"\n<div class=\"wp-block-columns is-layout-flex wp-container-core-columns-is-layout-28f84493 wp-block-columns-is-layout-flex\">\n<div class=\"wp-block-column is-layout-flow wp-block-column-is-layout-flow\" style=\"flex-basis:33.33%\">\n<h3 class=\"wp-block-heading\" style=\"font-style:normal;font-weight:200\">Autour de compte \u00e0 rebours :<\/h3>\n<\/div>\n\n\n\n<div class=\"wp-block-column is-layout-flow wp-block-column-is-layout-flow\" style=\"flex-basis:66.66%\"><ul class=\"wp-block-latest-posts__list wp-block-latest-posts\"><li><a class=\"wp-block-latest-posts__post-title\" href=\"https:\/\/cuenta-regresiva.art\/en\/estefania-penafiel-loaiza-the-doors-of-perception\/\">Estefan\u00eda Pe\u00f1afiel Loaiza: The Doors Of Perception<\/a><div class=\"wp-block-latest-posts__post-excerpt\">par Agn\u00e8s Violeau, critique d&#8217;art et commissaire ind\u00e9pendante &nbsp;Artiste prot\u00e9iforme, Estefan\u00eda\u2026 <a class=\"wp-block-latest-posts__read-more\" href=\"https:\/\/cuenta-regresiva.art\/en\/estefania-penafiel-loaiza-the-doors-of-perception\/\" rel=\"noopener noreferrer\">Read more<span class=\"screen-reader-text\">: Estefan\u00eda Pe\u00f1afiel Loaiza: The Doors Of Perception<\/span><\/a><\/div><\/li>\n<li><a class=\"wp-block-latest-posts__post-title\" href=\"https:\/\/cuenta-regresiva.art\/en\/au-sud-ouest-cristallisation-et-partage-de-sens-extrait\/\">Au Sud-Ouest, cristallisation et partage de sens (extrait)<\/a><div class=\"wp-block-latest-posts__post-excerpt\">par Jacky-Ruth Meyer, Directrice du centre d&#8217;art Le LAIT (Laboratoire Artistique\u2026 <a class=\"wp-block-latest-posts__read-more\" href=\"https:\/\/cuenta-regresiva.art\/en\/au-sud-ouest-cristallisation-et-partage-de-sens-extrait\/\" rel=\"noopener noreferrer\">Read more<span class=\"screen-reader-text\">: Au Sud-Ouest, cristallisation et partage de sens (extrait)<\/span><\/a><\/div><\/li>\n<li><a class=\"wp-block-latest-posts__post-title\" href=\"https:\/\/cuenta-regresiva.art\/en\/souvenir-de-ecuador-il-ritratto-di-un-paese-in-forma-di-ricordo-extrait\/\">Souvenir de Ecuador. Il ritratto di un Paese, in forma di ricordo (extrait)<\/a><div class=\"wp-block-latest-posts__post-excerpt\">par Helga Marsala Quasi in chiusura la mostra all\u2019Istituto Cervantes di\u2026 <a class=\"wp-block-latest-posts__read-more\" href=\"https:\/\/cuenta-regresiva.art\/en\/souvenir-de-ecuador-il-ritratto-di-un-paese-in-forma-di-ricordo-extrait\/\" rel=\"noopener noreferrer\">Read more<span class=\"screen-reader-text\">: Souvenir de Ecuador. Il ritratto di un Paese, in forma di ricordo (extrait)<\/span><\/a><\/div><\/li>\n<li><a class=\"wp-block-latest-posts__post-title\" href=\"https:\/\/cuenta-regresiva.art\/en\/farce-farce-farce\/\">Farce, Farce, Farce Primero como discurso, luego como farsa, farsa, farsa\u2026 Revisiones a la historia desde el video (extrait)<\/a><div class=\"wp-block-latest-posts__post-excerpt\">par Ana Mar\u00eda Garz\u00f3n En 1852, en el ensayo Der 18te\u2026 <a class=\"wp-block-latest-posts__read-more\" href=\"https:\/\/cuenta-regresiva.art\/en\/farce-farce-farce\/\" rel=\"noopener noreferrer\">Read more<span class=\"screen-reader-text\">: Farce, Farce, Farce Primero como discurso, luego como farsa, farsa, farsa\u2026 Revisiones a la historia desde el video (extrait)<\/span><\/a><\/div><\/li>\n<li><a class=\"wp-block-latest-posts__post-title\" href=\"https:\/\/cuenta-regresiva.art\/en\/souvenir-de-ecuador-intervista-a-estefania-penafiel-loaiza-cuenta-regresiva\/\">Souvenir de Ecuador. Intervista a Estefan\u00eda Pe\u00f1afiel Loaiza: &#8216;cuenta regresiva&#8217;<\/a><div class=\"wp-block-latest-posts__post-excerpt\">par Greta Crea Ci sono voluti otto anni per realizzare il\u2026 <a class=\"wp-block-latest-posts__read-more\" href=\"https:\/\/cuenta-regresiva.art\/en\/souvenir-de-ecuador-intervista-a-estefania-penafiel-loaiza-cuenta-regresiva\/\" rel=\"noopener noreferrer\">Read more<span class=\"screen-reader-text\">: Souvenir de Ecuador. Intervista a Estefan\u00eda Pe\u00f1afiel Loaiza: &#8216;cuenta regresiva&#8217;<\/span><\/a><\/div><\/li>\n<li><a class=\"wp-block-latest-posts__post-title\" href=\"https:\/\/cuenta-regresiva.art\/en\/regarder-ailleurs-regarder-autrement-regarder-encore\/\">Regarder ailleurs, regarder autrement, regarder encore<\/a><div class=\"wp-block-latest-posts__post-excerpt\">par Lupe \u00c1lvarez Regarder ailleurs, regarder diff\u00e9remment, regarder encore1\u2026 Avant d\u2019avoir\u2026 <a class=\"wp-block-latest-posts__read-more\" href=\"https:\/\/cuenta-regresiva.art\/en\/regarder-ailleurs-regarder-autrement-regarder-encore\/\" rel=\"noopener noreferrer\">Read more<span class=\"screen-reader-text\">: Regarder ailleurs, regarder autrement, regarder encore<\/span><\/a><\/div><\/li>\n<li><a class=\"wp-block-latest-posts__post-title\" href=\"https:\/\/cuenta-regresiva.art\/en\/cuenta-regresiva-2005-2013\/\">cuenta regresiva\u00a0(2005 &#8211; 2013)<\/a><div class=\"wp-block-latest-posts__post-excerpt\">por Eduardo Carrera &#8211; curador e investigador de arte contempor\u00e1neo La\u2026 <a class=\"wp-block-latest-posts__read-more\" href=\"https:\/\/cuenta-regresiva.art\/en\/cuenta-regresiva-2005-2013\/\" rel=\"noopener noreferrer\">Read more<span class=\"screen-reader-text\">: cuenta regresiva\u00a0(2005 &#8211; 2013)<\/span><\/a><\/div><\/li>\n<\/ul><\/div>\n<\/div>\n\n\n\n<div style=\"height:116px\" aria-hidden=\"true\" class=\"wp-block-spacer\"><\/div>\n\n\n\n<hr class=\"wp-block-separator has-alpha-channel-opacity is-style-default\"\/>\n\n\n\n<div style=\"height:71px\" aria-hidden=\"true\" class=\"wp-block-spacer\"><\/div>\n\n\n\n<div class=\"wp-block-columns is-layout-flex wp-container-core-columns-is-layout-28f84493 wp-block-columns-is-layout-flex\">\n<div class=\"wp-block-column is-layout-flow wp-block-column-is-layout-flow\" style=\"flex-basis:33.33%\">\n<h3 class=\"wp-block-heading\" style=\"font-style:normal;font-weight:200\">\u00c0 propos du travail de l&#8217;artiste<\/h3>\n<\/div>\n\n\n\n<div class=\"wp-block-column is-layout-flow wp-block-column-is-layout-flow\" style=\"flex-basis:66.66%\"><ul class=\"wp-block-latest-posts__list wp-block-latest-posts\"><li><a class=\"wp-block-latest-posts__post-title\" href=\"https:\/\/cuenta-regresiva.art\/en\/les-paradoxes-du-rumen-entretien\/\">Les paradoxes du rumen (entretien)<\/a><div class=\"wp-block-latest-posts__post-excerpt\">par Camille Paulhan possible \u2022 revue critique d\u2019art contemporain \u2022\u2026 <a class=\"wp-block-latest-posts__read-more\" href=\"https:\/\/cuenta-regresiva.art\/en\/les-paradoxes-du-rumen-entretien\/\" rel=\"noopener noreferrer\">Read more<span class=\"screen-reader-text\">: Les paradoxes du rumen (entretien)<\/span><\/a><\/div><\/li>\n<li><a class=\"wp-block-latest-posts__post-title\" href=\"https:\/\/cuenta-regresiva.art\/en\/estefania-penafiel-loaiza-politique-et-poetique-de-la-disparition\/\">Estefan\u00eda Pe\u00f1afiel Loaiza: Politique et po\u00e9tique de la disparition<\/a><div class=\"wp-block-latest-posts__post-excerpt\">par Marc Lenot Article publi\u00e9 dans la monographie fragments liminaires\u2026 <a class=\"wp-block-latest-posts__read-more\" href=\"https:\/\/cuenta-regresiva.art\/en\/estefania-penafiel-loaiza-politique-et-poetique-de-la-disparition\/\" rel=\"noopener noreferrer\">Read more<span class=\"screen-reader-text\">: Estefan\u00eda Pe\u00f1afiel Loaiza: Politique et po\u00e9tique de la disparition<\/span><\/a><\/div><\/li>\n<\/ul><\/div>\n<\/div>\n","protected":false},"excerpt":{"rendered":"<p>Autour de compte \u00e0 rebours : \u00c0 propos du travail de l&#8217;artiste<\/p>\n","protected":false},"author":1,"featured_media":0,"parent":0,"menu_order":0,"comment_status":"closed","ping_status":"closed","template":"","meta":{"ngg_post_thumbnail":0,"footnotes":""},"class_list":["post-48","page","type-page","status-publish","hentry"],"translation":{"provider":"WPGlobus","version":"3.0.0","language":"en","enabled_languages":["fr","es","en"],"languages":{"fr":{"title":true,"content":true,"excerpt":false},"es":{"title":false,"content":false,"excerpt":false},"en":{"title":false,"content":false,"excerpt":false}}},"_links":{"self":[{"href":"https:\/\/cuenta-regresiva.art\/en\/wp-json\/wp\/v2\/pages\/48","targetHints":{"allow":["GET"]}}],"collection":[{"href":"https:\/\/cuenta-regresiva.art\/en\/wp-json\/wp\/v2\/pages"}],"about":[{"href":"https:\/\/cuenta-regresiva.art\/en\/wp-json\/wp\/v2\/types\/page"}],"author":[{"embeddable":true,"href":"https:\/\/cuenta-regresiva.art\/en\/wp-json\/wp\/v2\/users\/1"}],"replies":[{"embeddable":true,"href":"https:\/\/cuenta-regresiva.art\/en\/wp-json\/wp\/v2\/comments?post=48"}],"version-history":[{"count":13,"href":"https:\/\/cuenta-regresiva.art\/en\/wp-json\/wp\/v2\/pages\/48\/revisions"}],"predecessor-version":[{"id":201,"href":"https:\/\/cuenta-regresiva.art\/en\/wp-json\/wp\/v2\/pages\/48\/revisions\/201"}],"wp:attachment":[{"href":"https:\/\/cuenta-regresiva.art\/en\/wp-json\/wp\/v2\/media?parent=48"}],"curies":[{"name":"wp","href":"https:\/\/api.w.org\/{rel}","templated":true}]}}